{"id":327,"date":"2023-04-09T01:52:11","date_gmt":"2023-04-08T23:52:11","guid":{"rendered":"https:\/\/psvijet.hr\/?page_id=327"},"modified":"2023-04-13T13:48:06","modified_gmt":"2023-04-13T11:48:06","slug":"tourist-services","status":"publish","type":"page","link":"https:\/\/psvijet.hr\/index.php\/tourist-services\/","title":{"rendered":"Turisti\u010dke usluge"},"content":{"rendered":"<p><strong>CJENIK USLUGA TURISTI\u010cKOG VODI\u010cA ZA GRAD ZAGREB <\/strong><strong>ODRASLI<\/strong><\/p>\n<table style=\"height: 460px;\" width=\"1330\">\n<tbody>\n<tr>\n<td width=\"209\"><strong><b>1-15 osoba<\/b><\/strong><\/td>\n<td width=\"209\"><strong><b>16-30 osoba<\/b><\/strong><\/td>\n<td width=\"209\"><strong><b>Vi\u0161e od 30 osoba<\/b><\/strong><\/td>\n<\/tr>\n<tr>\n<td width=\"209\"><strong>1 sat \u2013 \u20ac50 \/ 376,73 kn<\/strong><\/p>\n<p><strong>(Engleski \u2013 \u20ac60 \/ 452,07 kn)<\/strong><\/td>\n<td width=\"209\"><strong>1 sat \u2013 \u20ac60 \/ 452,07 kn<\/strong><\/p>\n<p><strong>(Engleski \u2013 \u20ac70 \/ 527,42 kn)<\/strong><\/td>\n<td width=\"209\"><strong>1 sat \u2013 \u20ac65 \/ 489,74 kn<\/strong><\/p>\n<p><strong>(Engleski \u2013 \u20ac80 \/ 602,76 kn)<\/strong><\/p>\n<p><strong><b>\u00a0<\/b><\/strong><\/td>\n<\/tr>\n<tr>\n<td width=\"209\"><strong>2 sata \u2013 \u20ac65 \/ 489,74 kn<\/strong><\/p>\n<p><strong>(Engleski \u2013 \u20ac80 \/ 602,76 kn)<\/strong><\/td>\n<td width=\"209\"><strong>2 sata \u2013 \u20ac70 \/ 527,42 kn<\/strong><\/p>\n<p><strong>(Engleski \u2013 \u20ac85 \/ 640,43 kn)<\/strong><\/td>\n<td width=\"209\"><strong>2 sata \u2013 \u20ac80 \/ 602,76 kn<\/strong><\/p>\n<p><strong>(Engleski \u2013 \u20ac90 \/ 678,11 kn)<\/strong><\/td>\n<\/tr>\n<tr>\n<td width=\"209\"><strong>3 sata \u2013 \u20ac80 \/ 602,76 kn<\/strong><\/p>\n<p><strong>(Engleski \u2013 \u20ac90 \/ 678,11 kn)<\/strong><\/td>\n<td width=\"209\"><strong>3 sata \u2013 \u20ac85 \/ 640,43 kn<\/strong><\/p>\n<p><strong>(Engleski \u2013 \u20ac100 \/ 753,45 kn)<\/strong><\/td>\n<td width=\"209\"><strong>3 sata \u2013 \u20ac90 \/ 678,11 kn<\/strong><\/p>\n<p><strong>(Engleski \u2013 \u20ac105 \/ 791,12 kn)<\/strong><\/td>\n<\/tr>\n<\/tbody>\n<\/table>\n<p>&nbsp;<\/p>\n<p><strong>CJENIK USLUGA ZA TURISTI\u010cKO VO\u0110ENJE GRAD ZAGREB <\/strong><strong>DJE\u010cJE GRUPE<\/strong><\/p>\n<table style=\"height: 135px;\" width=\"1330\">\n<tbody>\n<tr>\n<td width=\"205\"><strong><b>Razgled grada do 3 sata<\/b><\/strong><\/p>\n<p><strong><b>Grupa do 30 osoba<\/b><\/strong><\/td>\n<td width=\"205\"><strong><b>Poludnevni razgled<\/b><\/strong><\/p>\n<p><strong><b>(do 6 sati)<\/b><\/strong><\/td>\n<td width=\"205\"><strong><b>Cjelodnevni razgled<\/b><\/strong><\/p>\n<p><strong><b>(do 12 sati)<\/b><\/strong><\/td>\n<\/tr>\n<tr>\n<td width=\"205\"><strong><b>\u20ac60 \/ 452,07 kn<\/b><\/strong><\/td>\n<td width=\"205\"><strong><b>\u20ac70 \/ 527,42 kn<\/b><\/strong><\/td>\n<td width=\"205\"><strong><b>\u20ac80 \/ 602,76 kn<\/b><\/strong><\/td>\n<\/tr>\n<\/tbody>\n<\/table>\n<p>&nbsp;<\/p>\n<p><strong>CJENIK USLUGA ZA TURISTI\u010cKO VO\u0110ENJE PO SREDI\u0160NJOJ HRVATSKOJ MAKROREGIJI (ZAGREBA\u010cKA \u017dUPANIJA)<\/strong><\/p>\n<table style=\"height: 137px;\" width=\"1330\">\n<tbody>\n<tr>\n<td width=\"205\"><strong><b>Poludnevni izlet <\/b><\/strong><\/p>\n<p><strong><b>(do 6 sati)<\/b><\/strong><\/td>\n<td width=\"205\"><strong><b>Cjelodnevni izlet<\/b><\/strong><\/p>\n<p><strong><b>(do 12 sati)<\/b><\/strong><\/td>\n<td width=\"205\"><strong><b>Vi\u0161ednevni izlet<\/b><\/strong><\/p>\n<p><strong><b>(cijena po danu)<\/b><\/strong><\/td>\n<\/tr>\n<tr>\n<td width=\"205\"><strong><b>\u20ac90 \/ 678,11 kn<\/b><\/strong><\/td>\n<td width=\"205\"><strong><b>\u20ac105 \/ 791,12 kn <\/b><\/strong><\/td>\n<td width=\"205\"><strong><b>\u20ac100 \/ 753,45 kn<\/b><\/strong><\/td>\n<\/tr>\n<\/tbody>\n<\/table>\n<p>&nbsp;<\/p>\n<p><strong>CJENIK USLUGA ZA TURISTI\u010cKU PRATNJU U HRVATSKOJ<\/strong><\/p>\n<table style=\"height: 64px;\" width=\"1329\">\n<tbody>\n<tr>\n<td width=\"300\"><strong><b>Poludnevni izlet (do 6 sati)<\/b><\/strong><\/td>\n<td width=\"300\"><strong><b>Cjelodnevni izlet (do 12 sati)<\/b><\/strong><\/td>\n<\/tr>\n<tr>\n<td width=\"300\"><strong><b>\u20ac55 \/ 414,40 kn<\/b><\/strong><\/td>\n<td width=\"300\"><strong><b>\u20ac67 \/ 504,81 kn<\/b><\/strong><\/td>\n<\/tr>\n<\/tbody>\n<\/table>\n<p>&nbsp;<\/p>\n<p><strong>CJENIK USLUGA TURISTI\u010cKOG VO\u0110ENJA U INOZEMSTVU<\/strong><\/p>\n<table style=\"height: 64px;\" width=\"1330\">\n<tbody>\n<tr>\n<td width=\"601\"><strong><b>Cjelodnevni izlet (do 12 sati)<\/b><\/strong><\/td>\n<\/tr>\n<tr>\n<td width=\"601\"><strong><b>\u20ac100 \/ 753,45 kn<\/b><\/strong><\/td>\n<\/tr>\n<\/tbody>\n<\/table>\n","protected":false},"excerpt":{"rendered":"<p>CJENIK USLUGA TURISTI\u010cKOG VODI\u010cA ZA GRAD ZAGREB ODRASLI 1-15 osoba 16-30 osoba Vi\u0161e od 30 osoba 1 sat \u2013 \u20ac50 \/ 376,73 kn (Engleski \u2013 \u20ac60 \/ 452,07 kn) 1 sat \u2013 \u20ac60 \/ 452,07 kn (Engleski \u2013 \u20ac70 \/ 527,42 kn) 1 sat \u2013 \u20ac65 \/ 489,74 kn (Engleski \u2013 \u20ac80 \/ 602,76 kn) [&hellip;]<\/p>\n","protected":false},"author":1,"featured_media":0,"parent":0,"menu_order":0,"comment_status":"closed","ping_status":"closed","template":"","meta":{"footnotes":""},"class_list":["post-327","page","type-page","status-publish","hentry"],"yoast_head":"<!-- This site is optimized with the Yoast SEO plugin v27.4 - https:\/\/yoast.com\/product\/yoast-seo-wordpress\/ -->\n<title>Turisti\u010dke usluge - Plavi Svijet<\/title>\n<meta name=\"robots\" content=\"index, follow, max-snippet:-1, max-image-preview:large, max-video-preview:-1\" \/>\n<link rel=\"canonical\" href=\"https:\/\/psvijet.hr\/index.php\/tourist-services\/\" \/>\n<meta property=\"og:locale\" content=\"en_US\" \/>\n<meta property=\"og:type\" content=\"article\" \/>\n<meta property=\"og:title\" content=\"Turisti\u010dke usluge - Plavi Svijet\" \/>\n<meta property=\"og:description\" content=\"CJENIK USLUGA TURISTI\u010cKOG VODI\u010cA ZA GRAD ZAGREB ODRASLI 1-15 osoba 16-30 osoba Vi\u0161e od 30 osoba 1 sat \u2013 \u20ac50 \/ 376,73 kn (Engleski \u2013 \u20ac60 \/ 452,07 kn) 1 sat \u2013 \u20ac60 \/ 452,07 kn (Engleski \u2013 \u20ac70 \/ 527,42 kn) 1 sat \u2013 \u20ac65 \/ 489,74 kn (Engleski \u2013 \u20ac80 \/ 602,76 kn) [&hellip;]\" \/>\n<meta property=\"og:url\" content=\"https:\/\/psvijet.hr\/index.php\/tourist-services\/\" \/>\n<meta property=\"og:site_name\" content=\"Plavi Svijet\" \/>\n<meta property=\"article:modified_time\" content=\"2023-04-13T11:48:06+00:00\" \/>\n<meta name=\"twitter:card\" content=\"summary_large_image\" \/>\n<meta name=\"twitter:label1\" content=\"Est. reading time\" \/>\n\t<meta name=\"twitter:data1\" content=\"2 minutes\" \/>\n<script type=\"application\/ld+json\" class=\"yoast-schema-graph\">{\"@context\":\"https:\\\/\\\/schema.org\",\"@graph\":[{\"@type\":\"WebPage\",\"@id\":\"https:\\\/\\\/psvijet.hr\\\/index.php\\\/tourist-services\\\/\",\"url\":\"https:\\\/\\\/psvijet.hr\\\/index.php\\\/tourist-services\\\/\",\"name\":\"Turisti\u010dke usluge - Plavi Svijet\",\"isPartOf\":{\"@id\":\"https:\\\/\\\/psvijet.hr\\\/#website\"},\"datePublished\":\"2023-04-08T23:52:11+00:00\",\"dateModified\":\"2023-04-13T11:48:06+00:00\",\"breadcrumb\":{\"@id\":\"https:\\\/\\\/psvijet.hr\\\/index.php\\\/tourist-services\\\/#breadcrumb\"},\"inLanguage\":\"en-US\",\"potentialAction\":[{\"@type\":\"ReadAction\",\"target\":[\"https:\\\/\\\/psvijet.hr\\\/index.php\\\/tourist-services\\\/\"]}]},{\"@type\":\"BreadcrumbList\",\"@id\":\"https:\\\/\\\/psvijet.hr\\\/index.php\\\/tourist-services\\\/#breadcrumb\",\"itemListElement\":[{\"@type\":\"ListItem\",\"position\":1,\"name\":\"Home\",\"item\":\"https:\\\/\\\/psvijet.hr\\\/\"},{\"@type\":\"ListItem\",\"position\":2,\"name\":\"Turisti\u010dke usluge\"}]},{\"@type\":\"WebSite\",\"@id\":\"https:\\\/\\\/psvijet.hr\\\/#website\",\"url\":\"https:\\\/\\\/psvijet.hr\\\/\",\"name\":\"Plavi Svijet\",\"description\":\"Obrt za poduku i prevo\u0111enje\",\"publisher\":{\"@id\":\"https:\\\/\\\/psvijet.hr\\\/#organization\"},\"potentialAction\":[{\"@type\":\"SearchAction\",\"target\":{\"@type\":\"EntryPoint\",\"urlTemplate\":\"https:\\\/\\\/psvijet.hr\\\/?s={search_term_string}\"},\"query-input\":{\"@type\":\"PropertyValueSpecification\",\"valueRequired\":true,\"valueName\":\"search_term_string\"}}],\"inLanguage\":\"en-US\"},{\"@type\":\"Organization\",\"@id\":\"https:\\\/\\\/psvijet.hr\\\/#organization\",\"name\":\"Plavi Svijet\",\"url\":\"https:\\\/\\\/psvijet.hr\\\/\",\"logo\":{\"@type\":\"ImageObject\",\"inLanguage\":\"en-US\",\"@id\":\"https:\\\/\\\/psvijet.hr\\\/#\\\/schema\\\/logo\\\/image\\\/\",\"url\":\"https:\\\/\\\/psvijet.hr\\\/wp-content\\\/uploads\\\/2023\\\/04\\\/PS-logo1.jpg\",\"contentUrl\":\"https:\\\/\\\/psvijet.hr\\\/wp-content\\\/uploads\\\/2023\\\/04\\\/PS-logo1.jpg\",\"width\":500,\"height\":500,\"caption\":\"Plavi Svijet\"},\"image\":{\"@id\":\"https:\\\/\\\/psvijet.hr\\\/#\\\/schema\\\/logo\\\/image\\\/\"}}]}<\/script>\n<!-- \/ Yoast SEO plugin. -->","yoast_head_json":{"title":"Turisti\u010dke usluge - Plavi Svijet","robots":{"index":"index","follow":"follow","max-snippet":"max-snippet:-1","max-image-preview":"max-image-preview:large","max-video-preview":"max-video-preview:-1"},"canonical":"https:\/\/psvijet.hr\/index.php\/tourist-services\/","og_locale":"en_US","og_type":"article","og_title":"Turisti\u010dke usluge - Plavi Svijet","og_description":"CJENIK USLUGA TURISTI\u010cKOG VODI\u010cA ZA GRAD ZAGREB ODRASLI 1-15 osoba 16-30 osoba Vi\u0161e od 30 osoba 1 sat \u2013 \u20ac50 \/ 376,73 kn (Engleski \u2013 \u20ac60 \/ 452,07 kn) 1 sat \u2013 \u20ac60 \/ 452,07 kn (Engleski \u2013 \u20ac70 \/ 527,42 kn) 1 sat \u2013 \u20ac65 \/ 489,74 kn (Engleski \u2013 \u20ac80 \/ 602,76 kn) [&hellip;]","og_url":"https:\/\/psvijet.hr\/index.php\/tourist-services\/","og_site_name":"Plavi Svijet","article_modified_time":"2023-04-13T11:48:06+00:00","twitter_card":"summary_large_image","twitter_misc":{"Est. reading time":"2 minutes"},"schema":{"@context":"https:\/\/schema.org","@graph":[{"@type":"WebPage","@id":"https:\/\/psvijet.hr\/index.php\/tourist-services\/","url":"https:\/\/psvijet.hr\/index.php\/tourist-services\/","name":"Turisti\u010dke usluge - Plavi Svijet","isPartOf":{"@id":"https:\/\/psvijet.hr\/#website"},"datePublished":"2023-04-08T23:52:11+00:00","dateModified":"2023-04-13T11:48:06+00:00","breadcrumb":{"@id":"https:\/\/psvijet.hr\/index.php\/tourist-services\/#breadcrumb"},"inLanguage":"en-US","potentialAction":[{"@type":"ReadAction","target":["https:\/\/psvijet.hr\/index.php\/tourist-services\/"]}]},{"@type":"BreadcrumbList","@id":"https:\/\/psvijet.hr\/index.php\/tourist-services\/#breadcrumb","itemListElement":[{"@type":"ListItem","position":1,"name":"Home","item":"https:\/\/psvijet.hr\/"},{"@type":"ListItem","position":2,"name":"Turisti\u010dke usluge"}]},{"@type":"WebSite","@id":"https:\/\/psvijet.hr\/#website","url":"https:\/\/psvijet.hr\/","name":"Plavi Svijet","description":"Obrt za poduku i prevo\u0111enje","publisher":{"@id":"https:\/\/psvijet.hr\/#organization"},"potentialAction":[{"@type":"SearchAction","target":{"@type":"EntryPoint","urlTemplate":"https:\/\/psvijet.hr\/?s={search_term_string}"},"query-input":{"@type":"PropertyValueSpecification","valueRequired":true,"valueName":"search_term_string"}}],"inLanguage":"en-US"},{"@type":"Organization","@id":"https:\/\/psvijet.hr\/#organization","name":"Plavi Svijet","url":"https:\/\/psvijet.hr\/","logo":{"@type":"ImageObject","inLanguage":"en-US","@id":"https:\/\/psvijet.hr\/#\/schema\/logo\/image\/","url":"https:\/\/psvijet.hr\/wp-content\/uploads\/2023\/04\/PS-logo1.jpg","contentUrl":"https:\/\/psvijet.hr\/wp-content\/uploads\/2023\/04\/PS-logo1.jpg","width":500,"height":500,"caption":"Plavi Svijet"},"image":{"@id":"https:\/\/psvijet.hr\/#\/schema\/logo\/image\/"}}]}},"_links":{"self":[{"href":"https:\/\/psvijet.hr\/index.php\/wp-json\/wp\/v2\/pages\/327","targetHints":{"allow":["GET"]}}],"collection":[{"href":"https:\/\/psvijet.hr\/index.php\/wp-json\/wp\/v2\/pages"}],"about":[{"href":"https:\/\/psvijet.hr\/index.php\/wp-json\/wp\/v2\/types\/page"}],"author":[{"embeddable":true,"href":"https:\/\/psvijet.hr\/index.php\/wp-json\/wp\/v2\/users\/1"}],"replies":[{"embeddable":true,"href":"https:\/\/psvijet.hr\/index.php\/wp-json\/wp\/v2\/comments?post=327"}],"version-history":[{"count":6,"href":"https:\/\/psvijet.hr\/index.php\/wp-json\/wp\/v2\/pages\/327\/revisions"}],"predecessor-version":[{"id":831,"href":"https:\/\/psvijet.hr\/index.php\/wp-json\/wp\/v2\/pages\/327\/revisions\/831"}],"wp:attachment":[{"href":"https:\/\/psvijet.hr\/index.php\/wp-json\/wp\/v2\/media?parent=327"}],"curies":[{"name":"wp","href":"https:\/\/api.w.org\/{rel}","templated":true}]}}